{"id":13656,"date":"2023-05-05T15:07:16","date_gmt":"2023-05-05T15:07:16","guid":{"rendered":"https:\/\/www.violimacchine.it\/sistemas\/impianto-automatico-recupero-metalli-preziosi-da-schede-elettroniche"},"modified":"2023-12-01T09:49:35","modified_gmt":"2023-12-01T09:49:35","slug":"sistema-automatico-de-recuperacion-de-metales-preciosos-de-residuos-electronicos","status":"publish","type":"page","link":"https:\/\/violimacchine.it\/es\/sistemas\/sistema-automatico-de-recuperacion-de-metales-preciosos-de-residuos-electronicos","title":{"rendered":"Sistema autom\u00e1tico de recuperaci\u00f3n de metales preciosos de residuos electronicos"},"content":{"rendered":"<div class=\"wpb-content-wrapper\"><p>[vc_row][vc_column]\n\t\t\t<!-- START SISTEMA AUTOMATICO RECUPERACION SPA REVOLUTION SLIDER 6.7.40 --><p class=\"rs-p-wp-fix\"><\/p>\n\t\t\t<rs-module-wrap id=\"rev_slider_124_1_wrapper\" data-source=\"gallery\" style=\"visibility:hidden;background:#ffffff;padding:0;margin:0px auto;margin-top:0;margin-bottom:0;\">\n\t\t\t\t<rs-module id=\"rev_slider_124_1\" style=\"\" data-version=\"6.7.40\">\n\t\t\t\t\t<rs-slides style=\"overflow: hidden; position: absolute;\">\n\t\t\t\t\t\t<rs-slide style=\"position: absolute;\" data-key=\"rs-289\" data-title=\"Slide\" data-in=\"o:1;y:(-100%);col:5;\" data-out=\"a:false;\">\n\t\t\t\t\t\t\t<img decoding=\"async\" src=\"\/\/violimacchine.it\/wp-content\/plugins\/revslider\/sr6\/assets\/assets\/dummy.png\" alt=\"\" title=\"SEPARATRICE DI COMPONENTI DA SCHEDE ELETTRONICHE\" width=\"1920\" height=\"1043\" class=\"rev-slidebg tp-rs-img rs-lazyload\" data-lazyload=\"\/\/violimacchine.it\/wp-content\/uploads\/2022\/11\/SEPARATRICE-DI-COMPONENTI-DA-SCHEDE-ELETTRONICHE.jpg\" data-parallax=\"off\" data-no-retina>\n<!--\n\t\t\t\t\t\t\t--><rs-layer\n\t\t\t\t\t\t\t\tid=\"slider-124-slide-289-layer-24\" \n\t\t\t\t\t\t\t\tdata-type=\"text\"\n\t\t\t\t\t\t\t\tdata-color=\"#000000\"\n\t\t\t\t\t\t\t\tdata-xy=\"x:l,l,c,l;xo:22px,15px,-4px,6px;y:m;yo:252px,318px,324px,-342px;\"\n\t\t\t\t\t\t\t\tdata-text=\"s:70,70,70,42;l:70,70,70,42;\"\n\t\t\t\t\t\t\t\tdata-dim=\"w:851px,auto,742px,407px;\"\n\t\t\t\t\t\t\t\tdata-frame_0=\"y:50px;\"\n\t\t\t\t\t\t\t\tdata-frame_1=\"st:320;sp:400;sR:320;\"\n\t\t\t\t\t\t\t\tdata-frame_999=\"st:w;sp:400;sR:4280;auto:true;\"\n\t\t\t\t\t\t\t\tstyle=\"z-index:7;font-family:'Titillium Web';\"\n\t\t\t\t\t\t\t>Sistema autom\u00e1tico de <br> \nrecuperaci\u00f3n de metales preciosos  \n\t\t\t\t\t\t\t<\/rs-layer><!--\n\n\t\t\t\t\t\t\t--><rs-layer\n\t\t\t\t\t\t\t\tid=\"slider-124-slide-289-layer-33\" \n\t\t\t\t\t\t\t\tdata-type=\"text\"\n\t\t\t\t\t\t\t\tdata-color=\"#000000\"\n\t\t\t\t\t\t\t\tdata-rsp_ch=\"on\"\n\t\t\t\t\t\t\t\tdata-xy=\"xo:25px,17px,22px,6px;y:m;yo:166px,235px,245px,-404px;\"\n\t\t\t\t\t\t\t\tdata-text=\"s:16,16,18,18;l:25,25,25,24;fw:700;a:inherit;\"\n\t\t\t\t\t\t\t\tdata-frame_0=\"y:50px;\"\n\t\t\t\t\t\t\t\tdata-frame_1=\"sp:400;sR:10;\"\n\t\t\t\t\t\t\t\tdata-frame_999=\"st:w;sp:400;sR:4590;auto:true;\"\n\t\t\t\t\t\t\t\tstyle=\"z-index:6;font-family:'Titillium Web';\"\n\t\t\t\t\t\t\t>SISTEMAS \n\t\t\t\t\t\t\t<\/rs-layer><!--\n-->\t\t\t\t\t<\/rs-slide>\n\t\t\t\t\t<\/rs-slides>\n\t\t\t\t<\/rs-module>\n\t\t\t\t<script>\n\t\t\t\t\tsetREVStartSize({c: 'rev_slider_124_1',rl:[1240,1024,778,480],el:[750,920,920,920],gw:[1170,1024,778,480],gh:[750,920,920,920],type:'standard',justify:'',layout:'fullwidth',mh:\"0\"});if (window.RS_MODULES!==undefined && window.RS_MODULES.modules!==undefined && window.RS_MODULES.modules[\"revslider1241\"]!==undefined) {window.RS_MODULES.modules[\"revslider1241\"].once = false;window.revapi124 = undefined;if (window.RS_MODULES.checkMinimal!==undefined) window.RS_MODULES.checkMinimal()}\n\t\t\t\t<\/script>\n\t\t\t<\/rs-module-wrap>\n\t\t\t<!-- END REVOLUTION SLIDER -->\n[\/vc_column][\/vc_row][vc_row][vc_column]\n\t<div class=\"bauer-spacer clearfix\" data-desktop=\"35\" data-mobi=\"35\" data-smobi=\"35\"><\/div>[vc_custom_heading text=&#8221;Sistema autom\u00e1tico de recuperaci\u00f3n de metales preciosos de residuos electronicos&#8221; font_container=&#8221;tag:h2|text_align:left|color:%23c29536&#8243; google_fonts=&#8221;font_family:Titillium%20Web%3A200%2C200italic%2C300%2C300italic%2Cregular%2Citalic%2C600%2C600italic%2C700%2C700italic%2C900|font_style:400%20regular%3A400%3Anormal&#8221;][\/vc_column][\/vc_row][vc_row][vc_column][vc_row_inner][vc_column_inner width=&#8221;2\/3&#8243;]<div class=\"bauer-text clearfix \" style=\"color:#414042;\"><p>La recuperaci\u00f3n de los metales nobles procedentes de residuos de elaboraci\u00f3n es un tema fundamental para el ciclo productivo de empresas que operan en los sectores m\u00e1s diversos.\u00a0Desde la separadora de componentes de tarjetas electr\u00f3nicas hasta el proceso de fusi\u00f3n, Violi propone una amplia gama de m\u00e1quinas ideales para la recuperaci\u00f3n de metales preciosos con total seguridad y simplicidad de gesti\u00f3n.<\/p>\n<p><a href=\"https:\/\/violimacchine.it\/it\/prodotti\/per-schede-elettroniche\/separatrice-di-componenti-da-schede-elettroniche\" target=\"_blank\" rel=\"noopener\"><strong>Podr\u00eda interesarte tambi\u00e9n: Separadora de componentes de tarjetas electr\u00f3nicas<\/strong><\/a><\/p>\n<\/div>[\/vc_column_inner][vc_column_inner width=&#8221;1\/3&#8243;]<div class=\"bauer-content-box clearfix \" data-padding=\"30px 35px 45px\" data-mobipadding=\"30px 35px 45px\" data-margin=\"\" data-mobimargin=\"\" >\n\t\t<div class=\"inner ctb-931758185\" style=\"\"  data-background=\"\" data-shadow=\" 0px 0px 20px 0px rgba(0,0,0,0.07)\">\n\t\t\t<div class=\"bauer-grid-box clearfix grid2 border-light v-30 h-25 no-borders\" data-grid=\"2\" >\n\t\t<div class=\"bauer-text clearfix \" style=\"\"><div style=\"font-weight: 500; color: #030f27;\">Categor\u00eda<\/div>\n<div style=\"font-weight: 500;\"><a href=\"\/es\/sistemas\">Sistemas<\/a><\/div>\n<\/div>\n\n\t<\/div><div class=\"bauer-divider divider-center divider-solid\" style=\"border-top-color:#e7e7e7;margin-top:15px;margin-bottom:15px;\"><\/div><div class=\"clearfix\"><\/div>[vc_video link=&#8221;https:\/\/youtu.be\/10gUNPuAqE0&#8243; align=&#8221;center&#8221;]\n\t\t<\/div>\n\t<\/div>[\/vc_column_inner][\/vc_row_inner]<div class=\"bauer-divider divider-center divider-solid\" style=\"border-top-color:#e7e7e7;margin-top:25px;margin-bottom:25px;\"><\/div><div class=\"clearfix\"><\/div><h3 class=\"bauer-text clearfix \" style=\"font-size:32px;\"><p><span>Solicitar informaci\u00f3n sobre\u00a0sistemas<\/span><\/p>\n<\/h3><script type=\"text\/javascript\">var gform;gform||(document.addEventListener(\"gform_main_scripts_loaded\",function(){gform.scriptsLoaded=!0}),window.addEventListener(\"DOMContentLoaded\",function(){gform.domLoaded=!0}),gform={domLoaded:!1,scriptsLoaded:!1,initializeOnLoaded:function(o){gform.domLoaded&&gform.scriptsLoaded?o():!gform.domLoaded&&gform.scriptsLoaded?window.addEventListener(\"DOMContentLoaded\",o):document.addEventListener(\"gform_main_scripts_loaded\",o)},hooks:{action:{},filter:{}},addAction:function(o,n,r,t){gform.addHook(\"action\",o,n,r,t)},addFilter:function(o,n,r,t){gform.addHook(\"filter\",o,n,r,t)},doAction:function(o){gform.doHook(\"action\",o,arguments)},applyFilters:function(o){return gform.doHook(\"filter\",o,arguments)},removeAction:function(o,n){gform.removeHook(\"action\",o,n)},removeFilter:function(o,n,r){gform.removeHook(\"filter\",o,n,r)},addHook:function(o,n,r,t,i){null==gform.hooks[o][n]&&(gform.hooks[o][n]=[]);var e=gform.hooks[o][n];null==i&&(i=n+\"_\"+e.length),gform.hooks[o][n].push({tag:i,callable:r,priority:t=null==t?10:t})},doHook:function(n,o,r){var t;if(r=Array.prototype.slice.call(r,1),null!=gform.hooks[n][o]&&((o=gform.hooks[n][o]).sort(function(o,n){return o.priority-n.priority}),o.forEach(function(o){\"function\"!=typeof(t=o.callable)&&(t=window[t]),\"action\"==n?t.apply(null,r):r[0]=t.apply(null,r)})),\"filter\"==n)return r[0]},removeHook:function(o,n,t,i){var r;null!=gform.hooks[o][n]&&(r=(r=gform.hooks[o][n]).filter(function(o,n,r){return!!(null!=i&&i!=o.tag||null!=t&&t!=o.priority)}),gform.hooks[o][n]=r)}});<\/script>\n                <div class='gf_browser_gecko gform_wrapper gform_legacy_markup_wrapper' id='gform_wrapper_22' ><form method='post' enctype='multipart\/form-data'  id='gform_22'  action='\/es\/wp-json\/wp\/v2\/pages\/13656' >\n                        <div class='gform_body gform-body'><ul id='gform_fields_22' class='gform_fields top_label form_sublabel_below description_below'><li id=\"field_22_1\"  class=\"gfield gfield_contains_required field_sublabel_below field_description_below gfield_visibility_visible\"  data-js-reload=\"field_22_1\"><label class='gfield_label' for='input_22_1' >Compa\u00f1\u00eda<span class=\"gfield_required\"><span class=\"gfield_required gfield_required_asterisk\">*<\/span><\/span><\/label><div class='ginput_container ginput_container_text'><input name='input_1' id='input_22_1' type='text' value='' class='medium'     aria-required=\"true\" aria-invalid=\"false\"   \/> <\/div><\/li><li id=\"field_22_2\"  class=\"gfield gfield_contains_required field_sublabel_below field_description_below gfield_visibility_visible\"  data-js-reload=\"field_22_2\"><label class='gfield_label gfield_label_before_complex'  >Nombre y apellido<span class=\"gfield_required\"><span class=\"gfield_required gfield_required_asterisk\">*<\/span><\/span><\/label><div class='ginput_complex ginput_container no_prefix has_first_name no_middle_name has_last_name no_suffix gf_name_has_2 ginput_container_name' id='input_22_2'>\n                            \n                            <span id='input_22_2_3_container' class='name_first' >\n                                                    <input type='text' name='input_2.3' id='input_22_2_3' value=''   aria-required='true'     \/>\n                                                    <label for='input_22_2_3' >Nombre<\/label>\n                                                <\/span>\n                            \n                            <span id='input_22_2_6_container' class='name_last' >\n                                                    <input type='text' name='input_2.6' id='input_22_2_6' value=''   aria-required='true'     \/>\n                                                    <label for='input_22_2_6' >Apellido<\/label>\n                                                <\/span>\n                            \n                        <\/div><\/li><li id=\"field_22_16\"  class=\"gfield gfield--width-full field_sublabel_below field_description_below gfield_visibility_visible\"  data-js-reload=\"field_22_16\"><label class='gfield_label' for='input_22_16' >Sitio web<\/label><div class='ginput_container ginput_container_website'>\n                    <input name='input_16' id='input_22_16' type='text' value='' class='large'    placeholder='https:\/\/'  aria-invalid=\"false\"\/>\n                <\/div><\/li><li id=\"field_22_6\"  class=\"gfield gfield_contains_required field_sublabel_below field_description_below gfield_visibility_visible\"  data-js-reload=\"field_22_6\"><label class='gfield_label gfield_label_before_complex'  >Tu Email<span class=\"gfield_required\"><span class=\"gfield_required gfield_required_asterisk\">*<\/span><\/span><\/label><div class='ginput_complex ginput_container ginput_container_email' id='input_22_6_container'>\n                                <span id='input_22_6_1_container' class='ginput_left'>\n                                    <input class='' type='text' name='input_6' id='input_22_6' value=''    aria-required=\"true\" aria-invalid=\"false\"  \/>\n                                    <label for='input_22_6' >Ingrese email<\/label>\n                                <\/span>\n                                <span id='input_22_6_2_container' class='ginput_right'>\n                                    <input class='' type='text' name='input_6_2' id='input_22_6_2' value=''    aria-required=\"true\" aria-invalid=\"false\"  \/>\n                                    <label for='input_22_6_2' >Confirmar email<\/label>\n                                <\/span>\n                                <div class='gf_clear gf_clear_complex'><\/div>\n                            <\/div><\/li><li id=\"field_22_7\"  class=\"gfield field_sublabel_below field_description_below gfield_visibility_visible\"  data-js-reload=\"field_22_7\"><label class='gfield_label' for='input_22_7' >Tel\u00e9fono<\/label><div class='ginput_container ginput_container_phone'><input name='input_7' id='input_22_7' type='text' value='' class='medium'    aria-invalid=\"false\"   \/><\/div><\/li><li id=\"field_22_11\"  class=\"gfield gfield_contains_required field_sublabel_below field_description_below gfield_visibility_visible\"  data-js-reload=\"field_22_11\"><label class='gfield_label gfield_label_before_complex'  >PRIVACY (GDPR)<span class=\"gfield_required\"><span class=\"gfield_required gfield_required_asterisk\">*<\/span><\/span><\/label><div class='ginput_container ginput_container_checkbox'><ul class='gfield_checkbox' id='input_22_11'><li class='gchoice gchoice_22_11_1'>\n\t\t\t\t\t\t\t\t<input class='gfield-choice-input' name='input_11.1' type='checkbox'  value='Informaci\u00f3n de conformidad con el art. 13 del reglamento general de protecci\u00f3n de datos - GDPR Reglamento CE, Parlamento Europeo 27\/04\/2016 n\u00b0 679, G.U'  id='choice_22_11_1'   aria-describedby=\"gfield_description_22_11\"\/>\n\t\t\t\t\t\t\t\t<label for='choice_22_11_1' id='label_22_11_1'>Informaci\u00f3n de conformidad con el art. 13 del reglamento general de protecci\u00f3n de datos - GDPR Reglamento CE, Parlamento Europeo 27\/04\/2016 n\u00b0 679, G.U<\/label>\n\t\t\t\t\t\t\t<\/li><\/ul><\/div><div class='gfield_description' id='gfield_description_22_11'>Ir al enlace para ver nuestra pol\u00edtica de privacidad <a href=\"\/esp\/privacy-policy\">privacy<\/a> 27\/04\/2016 n\u00b0 679, G.U.<\/div><\/li><li id=\"field_22_12\"  class=\"gfield field_sublabel_below field_description_below gfield_visibility_visible\"  data-js-reload=\"field_22_12\"><label class='gfield_label' for='input_22_12' >CAPTCHA<\/label><div id='input_22_12' class='ginput_container ginput_recaptcha' data-sitekey='6Lfi9R4nAAAAAEBlxGPsnXaBUEx-E3od1tAXi_lJ'  data-theme='light' data-tabindex='-1' data-size='invisible' data-badge='bottomright'><\/div><\/li><li id=\"field_22_17\"  class=\"gfield gform_validation_container field_sublabel_below field_description_below gfield_visibility_visible\"  data-js-reload=\"field_22_17\"><label class='gfield_label' for='input_22_17' >Comments<\/label><div class='ginput_container'><input name='input_17' id='input_22_17' type='text' value='' \/><\/div><div class='gfield_description' id='gfield_description_22_17'>Este campo es un campo de validaci\u00f3n y debe quedar sin cambios.<\/div><\/li><\/ul><\/div>\n        <div class='gform_footer top_label'> <input type='submit' id='gform_submit_button_22' class='gform_button button' value='Enviar solicitud de informaci\u00f3n de sistema'  onclick='if(window[\"gf_submitting_22\"]){return false;}  window[\"gf_submitting_22\"]=true;  ' onkeypress='if( event.keyCode == 13 ){ if(window[\"gf_submitting_22\"]){return false;} window[\"gf_submitting_22\"]=true;  jQuery(\"#gform_22\").trigger(\"submit\",[true]); }' \/> \n            <input type='hidden' class='gform_hidden' name='is_submit_22' value='1' \/>\n            <input type='hidden' class='gform_hidden' name='gform_submit' value='22' \/>\n            \n            <input type='hidden' class='gform_hidden' name='gform_unique_id' value='' \/>\n            <input type='hidden' class='gform_hidden' name='state_22' value='WyJbXSIsImYwOWUzMjU2ZTFmYmQ3MTBkOGIxYmE5NjIzZDM5ZDIxIl0=' \/>\n            <input type='hidden' class='gform_hidden' name='gform_target_page_number_22' id='gform_target_page_number_22' value='0' \/>\n            <input type='hidden' class='gform_hidden' name='gform_source_page_number_22' id='gform_source_page_number_22' value='1' \/>\n            <input type='hidden' name='gform_field_values' value='' \/>\n            \n        <\/div>\n                        <\/form>\n                        <\/div>[\/vc_column][\/vc_row][vc_row css=&#8221;.vc_custom_1679906847640{background-image: url(https:\/\/violimacchine.it\/wp-content\/uploads\/2023\/03\/footer-1.jpg?id=10802) !important;background-position: center !important;background-repeat: no-repeat !important;background-size: cover !important;}&#8221;][vc_column]\n\t<div class=\"bauer-spacer clearfix\" data-desktop=\"100\" data-mobi=\"60\" data-smobi=\"60\"><\/div>[vc_row_inner column_inner_spacing=&#8221;100&#8243;][vc_column_inner width=&#8221;1\/2&#8243;]<div class=\"bauer-content-box clearfix \" data-padding=\"53px 35px 60px 35px\" data-mobipadding=\"50px 35px 50px 35px\" data-margin=\"\" data-mobimargin=\"\" >\n\t\t<div class=\"inner ctb-385995346\" style=\"\"  data-background=\"rgba(3,15,39,0.6)\" data-rounded=\"5px\" data-border-width=\"1px\">\n\t\t\t<h2 class=\"bauer-text clearfix \" style=\"font-size:42px;color:#f2f2f2;margin-bottom:8px;\"><p><strong><span class=\"font-weight-300\">Violi Macchine S.r.l.<\/span><\/strong><\/p>\n<\/h2>\n\t<div class=\"bauer-spacer clearfix\" data-desktop=\"30\" data-mobi=\"40\" data-smobi=\"40\"><\/div><div class=\"bauer-text clearfix \" style=\"color:#f2f2f2;\"><p><span><strong>Direcci\u00f3n: <\/strong>Via XXV Aprile 86<\/span><br \/>\n<span><strong> Ubicaci\u00f3n:\u00a0<\/strong>Monte San Savino (Arezzo) &#8211; Italy <\/span><br \/>\n<span><strong>Tel\u00e9fono: <\/strong>+39 0575 810487<\/span><br \/>\n<span><strong>Cod. Fisc. e P.IVA:<\/strong> IT02200090518 <\/span><br \/>\n<span class=\"text-accent-color font-weight-600\"><\/span><\/p>\n<\/div>\n\t<div class=\"bauer-spacer clearfix\" data-desktop=\"30\" data-mobi=\"40\" data-smobi=\"40\"><\/div><div class=\"bauer-text clearfix \" style=\"color:#f2f2f2;margin-bottom:25px;\"><p>Protagonista en el sector de la orfebrer\u00eda, la industria y la recuperaci\u00f3n de metales preciosos desde hace m\u00e1s de 30 a\u00f1os, Violi Macchine a lo largo del tiempo obtiene la confianza de m\u00faltiples realidades productivas. Hoy la empresa, continuando a promover el Made In Italy, es partner de industrias nacionales e internacionales.<\/p>\n<\/div>\n\t\t<\/div>\n\t<\/div>[\/vc_column_inner][vc_column_inner width=&#8221;1\/2&#8243;]<div class=\"bauer-content-box clearfix \" data-padding=\"47px 50px 94px 50px\" data-mobipadding=\"40px\" data-margin=\"\" data-mobimargin=\"\" >\n\t\t<div class=\"inner ctb-1928198626\" style=\"\"  data-background=\"rgba(3,15,39,0.6)\" data-rounded=\"5px\" data-border-color=\"rgba(231,231,231,0.3)\" data-border-width=\"1px\">\n\t\t\t<h2 class=\"bauer-text clearfix \" style=\"font-size:42px;color:#f2f2f2;margin-bottom:8px;\"><p><span class=\"font-weight-300\">Contactos<\/span><\/p>\n<\/h2>\n\t<div class=\"bauer-spacer clearfix\" data-desktop=\"30\" data-mobi=\"40\" data-smobi=\"40\"><\/div><div class=\"bauer-text clearfix \" style=\"color:#f2f2f2;margin-bottom:25px;\"><p>Conf\u00ede en Violi Macchine. La capacidad de innovar sin perder de vista las tecnolog\u00edas tradicionales, caracterizan el tuyo y el nuestro \u00e9xito.<\/p>\n<\/div><div class=\"bauer-grid-box clearfix grid2 border-light v-20 h-25 no-borders\" data-grid=\"2\" >\n\t\t<div class=\"bauer-text clearfix \" style=\"color:#f2f2f2;\"><p><span class=\"font-weight-500 text-white\">Violi Macchine S.r.l.<\/span><br \/>\n<span style=\"color: #8a99c0;\">Via XXV Aprile, 86<br \/>\nMonte San Savino (AR) ITALY<\/span><br \/>\n<span class=\"fas fa-map-marker-alt text-accent-color\" style=\"padding-right: 3px;\"><\/span> <span class=\"text-accent-color font-weight-600\"><a href=\"https:\/\/www.google.com\/maps\/place\/Via+XXV+Aprile,+86,+52048+Monte+San+Savino+AR\/data=!4m2!3m1!1s0x132be7da0800360f:0xca8c4b2fbdb5fd9b?sa=X&amp;ved=2ahUKEwj4yum8sZn6AhXSC-wKHZPsCNcQ8gF6BAggEAE\" class=\"hover-white\" target=\"_blank\" rel=\"noopener\">Encuentranos en el mapa<\/a><\/span><\/p>\n<\/div><div class=\"bauer-text clearfix \" style=\"color:#f2f2f2;\"><p><span class=\"font-weight-500 text-white\">Nuestra e-mail<\/span><br \/>\n<span class=\"fas fa-envelope text-accent-color\" style=\"padding-right: 5px;\"><\/span> <span class=\"font-weight-600 text-accent-color\">sales@violimacchine.it<\/span><\/p>\n<\/div><div class=\"bauer-text clearfix \" style=\"color:#f2f2f2;\"><p><span class=\"font-weight-500 text-white\">Informaci\u00f3n<\/span><br \/>\n<span class=\"fas fa-phone\" style=\"padding-right: 5px; color: #8a99c0;\"><\/span> <span class=\"font-weight-600\" style=\"color: #8a99c0;\">+39 0575 810487<\/span><\/p>\n<\/div><div class=\"bauer-text clearfix \" style=\"color:#f2f2f2;\"><p><span class=\"font-weight-500 text-white\">Fax<\/span><br \/>\n<span class=\"fas fa-phone\" style=\"padding-right: 3px; color: #8a99c0;\"><\/span> <span class=\"font-weight-600\" style=\"color: #8a99c0;\">+39 0575 815903<\/span><\/p>\n<\/div>\n\n\t<\/div>\n\t\t<\/div>\n\t<\/div>\n\t<div class=\"bauer-spacer clearfix\" data-desktop=\"0\" data-mobi=\"40\" data-smobi=\"40\"><\/div>[\/vc_column_inner][\/vc_row_inner]\n\t<div class=\"bauer-spacer clearfix\" data-desktop=\"100\" data-mobi=\"60\" data-smobi=\"60\"><\/div>[\/vc_column][\/vc_row]<\/p>\n<\/div>","protected":false},"excerpt":{"rendered":"<p>[vc_row][vc_column][\/vc_column][\/vc_row][vc_row][vc_column][vc_custom_heading text=&#8221;Sistema autom\u00e1tico de recuperaci\u00f3n de metales preciosos de residuos electronicos&#8221; font_container=&#8221;tag:h2|text_align:left|color:%23c29536&#8243; google_fonts=&#8221;font_family:Titillium%20Web%3A200%2C200italic%2C300%2C300italic%2Cregular%2Citalic%2C600%2C600italic%2C700%2C700italic%2C900|font_style:400%20regular%3A400%3Anormal&#8221;][\/vc_column][\/vc_row][vc_row][vc_column][vc_row_inner][vc_column_inner width=&#8221;2\/3&#8243;][\/vc_column_inner][vc_column_inner width=&#8221;1\/3&#8243;][\/vc_column_inner][\/vc_row_inner][\/vc_column][\/vc_row][vc_row css=&#8221;.vc_custom_1679906847640{background-image: url(https:\/\/violimacchine.it\/wp-content\/uploads\/2023\/03\/footer-1.jpg?id=10802) !important;background-position: center !important;background-repeat: no-repeat !important;background-size: cover !important;}&#8221;][vc_column][vc_row_inner column_inner_spacing=&#8221;100&#8243;][vc_column_inner width=&#8221;1\/2&#8243;][\/vc_column_inner][vc_column_inner width=&#8221;1\/2&#8243;][\/vc_column_inner][\/vc_row_inner][\/vc_column][\/vc_row]<\/p>\n","protected":false},"author":1,"featured_media":0,"parent":13620,"menu_order":0,"comment_status":"closed","ping_status":"closed","template":"","meta":{"footnotes":""},"class_list":["post-13656","page","type-page","status-publish","hentry"],"_links":{"self":[{"href":"https:\/\/violimacchine.it\/es\/wp-json\/wp\/v2\/pages\/13656","targetHints":{"allow":["GET"]}}],"collection":[{"href":"https:\/\/violimacchine.it\/es\/wp-json\/wp\/v2\/pages"}],"about":[{"href":"https:\/\/violimacchine.it\/es\/wp-json\/wp\/v2\/types\/page"}],"author":[{"embeddable":true,"href":"https:\/\/violimacchine.it\/es\/wp-json\/wp\/v2\/users\/1"}],"replies":[{"embeddable":true,"href":"https:\/\/violimacchine.it\/es\/wp-json\/wp\/v2\/comments?post=13656"}],"version-history":[{"count":9,"href":"https:\/\/violimacchine.it\/es\/wp-json\/wp\/v2\/pages\/13656\/revisions"}],"predecessor-version":[{"id":14726,"href":"https:\/\/violimacchine.it\/es\/wp-json\/wp\/v2\/pages\/13656\/revisions\/14726"}],"up":[{"embeddable":true,"href":"https:\/\/violimacchine.it\/es\/wp-json\/wp\/v2\/pages\/13620"}],"wp:attachment":[{"href":"https:\/\/violimacchine.it\/es\/wp-json\/wp\/v2\/media?parent=13656"}],"curies":[{"name":"wp","href":"https:\/\/api.w.org\/{rel}","templated":true}]}}