{"id":13802,"date":"2023-05-08T08:07:59","date_gmt":"2023-05-08T08:07:59","guid":{"rendered":"https:\/\/www.violimacchine.it\/separatrice-di-componenti-da-schede-elettroniche"},"modified":"2024-10-21T12:51:19","modified_gmt":"2024-10-21T12:51:19","slug":"separadora-de-componentes-de-tarjetas-electronicas","status":"publish","type":"page","link":"https:\/\/violimacchine.it\/es\/separadora-de-componentes-de-tarjetas-electronicas","title":{"rendered":"Separadora de componentes de tarjetas electr\u00f3nicas"},"content":{"rendered":"<div class=\"wpb-content-wrapper\"><p>[vc_row][vc_column]\n\t\t\t<!-- START Separatrice di componenti da schede elettroniche ESP REVOLUTION SLIDER 6.7.40 --><p class=\"rs-p-wp-fix\"><\/p>\n\t\t\t<rs-module-wrap id=\"rev_slider_101_1_wrapper\" data-source=\"gallery\" style=\"visibility:hidden;background:#ffffff;padding:0;margin:0px auto;margin-top:0;margin-bottom:0;\">\n\t\t\t\t<rs-module id=\"rev_slider_101_1\" style=\"\" data-version=\"6.7.40\">\n\t\t\t\t\t<rs-slides style=\"overflow: hidden; position: absolute;\">\n\t\t\t\t\t\t<rs-slide style=\"position: absolute;\" data-key=\"rs-217\" data-title=\"Slide\" data-in=\"o:1;y:(-100%);col:5;\" data-out=\"a:false;\">\n\t\t\t\t\t\t\t<img decoding=\"async\" src=\"\/\/violimacchine.it\/wp-content\/plugins\/revslider\/sr6\/assets\/assets\/dummy.png\" alt=\"\" title=\"SEPARATRICE DI COMPONENTI DA SCHEDE ELETTRONICHE\" width=\"1920\" height=\"1043\" class=\"rev-slidebg tp-rs-img rs-lazyload\" data-lazyload=\"\/\/violimacchine.it\/wp-content\/uploads\/2022\/11\/SEPARATRICE-DI-COMPONENTI-DA-SCHEDE-ELETTRONICHE.jpg\" data-parallax=\"off\" data-no-retina>\n<!--\n\t\t\t\t\t\t\t--><rs-layer\n\t\t\t\t\t\t\t\tid=\"slider-101-slide-217-layer-24\" \n\t\t\t\t\t\t\t\tdata-type=\"text\"\n\t\t\t\t\t\t\t\tdata-color=\"#000000\"\n\t\t\t\t\t\t\t\tdata-xy=\"x:l,l,c,l;xo:22px,15px,-4px,6px;y:m;yo:252px,318px,324px,-342px;\"\n\t\t\t\t\t\t\t\tdata-text=\"s:70,70,70,42;l:70,70,70,42;\"\n\t\t\t\t\t\t\t\tdata-dim=\"w:851px,auto,742px,407px;\"\n\t\t\t\t\t\t\t\tdata-frame_0=\"y:50px;\"\n\t\t\t\t\t\t\t\tdata-frame_1=\"st:320;sp:400;sR:320;\"\n\t\t\t\t\t\t\t\tdata-frame_999=\"st:w;sp:400;sR:4280;auto:true;\"\n\t\t\t\t\t\t\t\tstyle=\"z-index:7;font-family:'Titillium Web';\"\n\t\t\t\t\t\t\t>Separadora de componentes<br> de tarjetas electr\u00f3nicas \n\t\t\t\t\t\t\t<\/rs-layer><!--\n\n\t\t\t\t\t\t\t--><rs-layer\n\t\t\t\t\t\t\t\tid=\"slider-101-slide-217-layer-33\" \n\t\t\t\t\t\t\t\tdata-type=\"text\"\n\t\t\t\t\t\t\t\tdata-color=\"#000000\"\n\t\t\t\t\t\t\t\tdata-rsp_ch=\"on\"\n\t\t\t\t\t\t\t\tdata-xy=\"xo:25px,17px,22px,6px;y:m;yo:166px,235px,245px,-404px;\"\n\t\t\t\t\t\t\t\tdata-text=\"s:16,16,18,18;l:25,25,25,24;fw:700;a:inherit;\"\n\t\t\t\t\t\t\t\tdata-frame_0=\"y:50px;\"\n\t\t\t\t\t\t\t\tdata-frame_1=\"sp:400;sR:10;\"\n\t\t\t\t\t\t\t\tdata-frame_999=\"st:w;sp:400;sR:4590;auto:true;\"\n\t\t\t\t\t\t\t\tstyle=\"z-index:6;font-family:'Titillium Web';\"\n\t\t\t\t\t\t\t>PRODUCTOS \n\t\t\t\t\t\t\t<\/rs-layer><!--\n-->\t\t\t\t\t<\/rs-slide>\n\t\t\t\t\t<\/rs-slides>\n\t\t\t\t<\/rs-module>\n\t\t\t\t<script>\n\t\t\t\t\tsetREVStartSize({c: 'rev_slider_101_1',rl:[1240,1024,778,480],el:[750,920,920,920],gw:[1170,1024,778,480],gh:[750,920,920,920],type:'standard',justify:'',layout:'fullwidth',mh:\"0\"});if (window.RS_MODULES!==undefined && window.RS_MODULES.modules!==undefined && window.RS_MODULES.modules[\"revslider1011\"]!==undefined) {window.RS_MODULES.modules[\"revslider1011\"].once = false;window.revapi101 = undefined;if (window.RS_MODULES.checkMinimal!==undefined) window.RS_MODULES.checkMinimal()}\n\t\t\t\t<\/script>\n\t\t\t<\/rs-module-wrap>\n\t\t\t<!-- END REVOLUTION SLIDER -->\n[\/vc_column][\/vc_row][vc_row][vc_column]\n\t<div class=\"bauer-spacer clearfix\" data-desktop=\"35\" data-mobi=\"35\" data-smobi=\"35\"><\/div>[vc_custom_heading text=&#8221;Separadora de componentes de tarjetas electr\u00f3nicas&#8221; google_fonts=&#8221;font_family:Titillium%20Web%3A200%2C200italic%2C300%2C300italic%2Cregular%2Citalic%2C600%2C600italic%2C700%2C700italic%2C900|font_style:400%20regular%3A400%3Anormal&#8221;][\/vc_column][\/vc_row][vc_row][vc_column][vc_row_inner][vc_column_inner width=&#8221;2\/3&#8243;][vc_column_text]<\/p>\n<p style=\"font-weight: 400;\">La recuperaci\u00f3n de los metales nobles derivados de residuos es un tema fundamental para el ciclo productivo de m\u00faltiples empresas. El separador de componentes de la serie <strong>VM STCR<\/strong> es una m\u00e1quina patentada que permite separar los componentes de las tarjetas electr\u00f3nicas.La m\u00e1quina consiste en un transportador especial que atraviesa un t\u00fanel calentado por resistencias el\u00e9ctricas y calentadores industriales a Aire que garantiza la fusi\u00f3n del esta\u00f1o de soldadura de los componentes electr\u00f3nicos.<\/p>\n<p><strong><a href=\"\/es\/sistemas\/spa-sistema-automatico-de-recuperacion-de-metales-preciosos-de-residuos-electronicos\" target=\"_blank\" rel=\"noopener\">Podr\u00eca interesarte tambi\u00e9n: Sistema autom\u00e1tico de recuperaci\u00f3n de metales preciosos de residuos electronicos<\/a><\/strong>[\/vc_column_text][\/vc_column_inner][vc_column_inner width=&#8221;1\/3&#8243;]<div class=\"bauer-content-box clearfix \" data-padding=\"30px 35px 45px\" data-mobipadding=\"30px 35px 45px\" data-margin=\"\" data-mobimargin=\"\" >\n\t\t<div class=\"inner ctb-86385083\" style=\"\"  data-background=\"\" data-shadow=\" 0px 0px 20px 0px rgba(0,0,0,0.07)\">\n\t\t\t<div class=\"bauer-grid-box clearfix grid2 border-light v-30 h-25 no-borders\" data-grid=\"2\" >\n\t\t<div class=\"bauer-text clearfix \" style=\"\"><div style=\"font-weight: 500; color: #030f27;\">Categor\u00eda<\/div>\n<div style=\"font-weight: 500;\"><a href=\"\/es\/productos\">Productos<\/a><\/div>\n<\/div><div class=\"bauer-divider divider-center divider-solid\" style=\"\"><\/div><div class=\"clearfix\"><\/div>\n\n\t<\/div>[vc_video link=&#8221;https:\/\/youtu.be\/10gUNPuAqE0&#8243; css=&#8221;&#8221;]\n\t\t<\/div>\n\t<\/div>[\/vc_column_inner][\/vc_row_inner]<div class=\"bauer-divider divider-center divider-solid\" style=\"border-top-color:#e7e7e7;margin-top:25px;margin-bottom:25px;\"><\/div><div class=\"clearfix\"><\/div>[vc_media_grid element_width=&#8221;6&#8243; gap=&#8221;2&#8243; item=&#8221;mediaGrid_FadeInWithIcon&#8221; css=&#8221;&#8221; grid_id=&#8221;vc_gid:1729515051051-4fb4e37f-05f6-3&#8243; include=&#8221;13497,13498&#8243;]<div class=\"bauer-divider divider-center divider-solid\" style=\"border-top-color:#e7e7e7;margin-top:25px;margin-bottom:25px;\"><\/div><div class=\"clearfix\"><\/div><h3 class=\"bauer-text clearfix \" style=\"font-size:32px;\"><p>Solicitar informaci\u00f3n del PRODUCTO<\/p>\n<\/h3><script type=\"text\/javascript\">var gform;gform||(document.addEventListener(\"gform_main_scripts_loaded\",function(){gform.scriptsLoaded=!0}),window.addEventListener(\"DOMContentLoaded\",function(){gform.domLoaded=!0}),gform={domLoaded:!1,scriptsLoaded:!1,initializeOnLoaded:function(o){gform.domLoaded&&gform.scriptsLoaded?o():!gform.domLoaded&&gform.scriptsLoaded?window.addEventListener(\"DOMContentLoaded\",o):document.addEventListener(\"gform_main_scripts_loaded\",o)},hooks:{action:{},filter:{}},addAction:function(o,n,r,t){gform.addHook(\"action\",o,n,r,t)},addFilter:function(o,n,r,t){gform.addHook(\"filter\",o,n,r,t)},doAction:function(o){gform.doHook(\"action\",o,arguments)},applyFilters:function(o){return gform.doHook(\"filter\",o,arguments)},removeAction:function(o,n){gform.removeHook(\"action\",o,n)},removeFilter:function(o,n,r){gform.removeHook(\"filter\",o,n,r)},addHook:function(o,n,r,t,i){null==gform.hooks[o][n]&&(gform.hooks[o][n]=[]);var e=gform.hooks[o][n];null==i&&(i=n+\"_\"+e.length),gform.hooks[o][n].push({tag:i,callable:r,priority:t=null==t?10:t})},doHook:function(n,o,r){var t;if(r=Array.prototype.slice.call(r,1),null!=gform.hooks[n][o]&&((o=gform.hooks[n][o]).sort(function(o,n){return o.priority-n.priority}),o.forEach(function(o){\"function\"!=typeof(t=o.callable)&&(t=window[t]),\"action\"==n?t.apply(null,r):r[0]=t.apply(null,r)})),\"filter\"==n)return r[0]},removeHook:function(o,n,t,i){var r;null!=gform.hooks[o][n]&&(r=(r=gform.hooks[o][n]).filter(function(o,n,r){return!!(null!=i&&i!=o.tag||null!=t&&t!=o.priority)}),gform.hooks[o][n]=r)}});<\/script>\n                <div class='gf_browser_gecko gform_wrapper gform_legacy_markup_wrapper' id='gform_wrapper_39' ><form method='post' enctype='multipart\/form-data'  id='gform_39'  action='\/es\/wp-json\/wp\/v2\/pages\/13802' >\n                        <div class='gform_body gform-body'><ul id='gform_fields_39' class='gform_fields top_label form_sublabel_below description_below'><li id=\"field_39_18\"  class=\"gfield gfield--width-full gfield_contains_required field_sublabel_below field_description_above gfield_visibility_visible\"  data-js-reload=\"field_39_18\"><label class='gfield_label gfield_label_before_complex'  >Elija al menos un PRODUCTO<span class=\"gfield_required\"><span class=\"gfield_required gfield_required_asterisk\">*<\/span><\/span><\/label><div class='gfield_description' id='gfield_description_39_18'>Indique para qu\u00e9 PRODUCTO desea solicitar informaci\u00f3n<\/div><div class='ginput_container ginput_container_checkbox'><ul class='gfield_checkbox' id='input_39_18'><li class='gchoice gchoice_39_18_1'>\n\t\t\t\t\t\t\t\t<input class='gfield-choice-input' name='input_18.1' type='checkbox'  value='Separadora de componentes de tarjetas electr\u00f3nicas'  id='choice_39_18_1'   aria-describedby=\"gfield_description_39_18\"\/>\n\t\t\t\t\t\t\t\t<label for='choice_39_18_1' id='label_39_18_1'>Separadora de componentes de tarjetas electr\u00f3nicas<\/label>\n\t\t\t\t\t\t\t<\/li><\/ul><\/div><\/li><li id=\"field_39_2\"  class=\"gfield gfield_contains_required field_sublabel_below field_description_below gfield_visibility_visible\"  data-js-reload=\"field_39_2\"><label class='gfield_label gfield_label_before_complex'  >Nombre y apellido<span class=\"gfield_required\"><span class=\"gfield_required gfield_required_asterisk\">*<\/span><\/span><\/label><div class='ginput_complex ginput_container no_prefix has_first_name no_middle_name has_last_name no_suffix gf_name_has_2 ginput_container_name' id='input_39_2'>\n                            \n                            <span id='input_39_2_3_container' class='name_first' >\n                                                    <input type='text' name='input_2.3' id='input_39_2_3' value=''   aria-required='true'     \/>\n                                                    <label for='input_39_2_3' >Nombre<\/label>\n                                                <\/span>\n                            \n                            <span id='input_39_2_6_container' class='name_last' >\n                                                    <input type='text' name='input_2.6' id='input_39_2_6' value=''   aria-required='true'     \/>\n                                                    <label for='input_39_2_6' >Apellido<\/label>\n                                                <\/span>\n                            \n                        <\/div><\/li><li id=\"field_39_1\"  class=\"gfield gfield--width-full gfield_contains_required field_sublabel_below field_description_below gfield_visibility_visible\"  data-js-reload=\"field_39_1\"><label class='gfield_label' for='input_39_1' >Azienda<span class=\"gfield_required\"><span class=\"gfield_required gfield_required_asterisk\">*<\/span><\/span><\/label><div class='ginput_container ginput_container_text'><input name='input_1' id='input_39_1' type='text' value='' class='medium'     aria-required=\"true\" aria-invalid=\"false\"   \/> <\/div><\/li><li id=\"field_39_6\"  class=\"gfield gfield_contains_required field_sublabel_below field_description_below gfield_visibility_visible\"  data-js-reload=\"field_39_6\"><label class='gfield_label gfield_label_before_complex'  >E-mail de tu empresa<span class=\"gfield_required\"><span class=\"gfield_required gfield_required_asterisk\">*<\/span><\/span><\/label><div class='ginput_complex ginput_container ginput_container_email' id='input_39_6_container'>\n                                <span id='input_39_6_1_container' class='ginput_left'>\n                                    <input class='' type='text' name='input_6' id='input_39_6' value=''    aria-required=\"true\" aria-invalid=\"false\"  \/>\n                                    <label for='input_39_6' >Ingrese correo electr\u00f3nico<\/label>\n                                <\/span>\n                                <span id='input_39_6_2_container' class='ginput_right'>\n                                    <input class='' type='text' name='input_6_2' id='input_39_6_2' value=''    aria-required=\"true\" aria-invalid=\"false\"  \/>\n                                    <label for='input_39_6_2' >Confirmar correo electr\u00f3nico<\/label>\n                                <\/span>\n                                <div class='gf_clear gf_clear_complex'><\/div>\n                            <\/div><\/li><li id=\"field_39_7\"  class=\"gfield gfield_contains_required field_sublabel_below field_description_below gfield_visibility_visible\"  data-js-reload=\"field_39_7\"><label class='gfield_label' for='input_39_7' >Tel\u00e9fono<span class=\"gfield_required\"><span class=\"gfield_required gfield_required_asterisk\">*<\/span><\/span><\/label><div class='ginput_container ginput_container_phone'><input name='input_7' id='input_39_7' type='text' value='' class='medium'   aria-required=\"true\" aria-invalid=\"false\"   \/><\/div><\/li><li id=\"field_39_19\"  class=\"gfield gfield--width-full gfield_contains_required field_sublabel_below field_description_below gfield_visibility_visible\"  data-js-reload=\"field_39_19\"><label class='gfield_label' for='input_39_19' >Mensaje<span class=\"gfield_required\"><span class=\"gfield_required gfield_required_asterisk\">*<\/span><\/span><\/label><div class='ginput_container ginput_container_textarea'><textarea name='input_19' id='input_39_19' class='textarea medium'     aria-required=\"true\" aria-invalid=\"false\"   rows='10' cols='50'><\/textarea><\/div><\/li><li id=\"field_39_11\"  class=\"gfield gfield_contains_required field_sublabel_below field_description_below gfield_visibility_visible\"  data-js-reload=\"field_39_11\"><label class='gfield_label gfield_label_before_complex'  >PRIVACY (GDPR)<span class=\"gfield_required\"><span class=\"gfield_required gfield_required_asterisk\">*<\/span><\/span><\/label><div class='ginput_container ginput_container_checkbox'><ul class='gfield_checkbox' id='input_39_11'><li class='gchoice gchoice_39_11_1'>\n\t\t\t\t\t\t\t\t<input class='gfield-choice-input' name='input_11.1' type='checkbox'  value='Informaci\u00f3n de conformidad con el art. 13 del reglamento general de protecci\u00f3n de datos - GDPR Reglamento CE, Parlamento Europeo 27\/04\/2016 n\u00b0 679, G.U'  id='choice_39_11_1'   aria-describedby=\"gfield_description_39_11\"\/>\n\t\t\t\t\t\t\t\t<label for='choice_39_11_1' id='label_39_11_1'>Informaci\u00f3n de conformidad con el art. 13 del reglamento general de protecci\u00f3n de datos - GDPR Reglamento CE, Parlamento Europeo 27\/04\/2016 n\u00b0 679, G.U<\/label>\n\t\t\t\t\t\t\t<\/li><\/ul><\/div><div class='gfield_description' id='gfield_description_39_11'>Ir al enlace para ver nuestra pol\u00edtica de privacidad <a href=\"es\/privacy-policy\">privacy<\/a> 27\/04\/2016 n\u00b0 679, G.U.<\/div><\/li><li id=\"field_39_12\"  class=\"gfield field_sublabel_below field_description_below gfield_visibility_visible\"  data-js-reload=\"field_39_12\"><label class='gfield_label' for='input_39_12' >CAPTCHA<\/label><div id='input_39_12' class='ginput_container ginput_recaptcha' data-sitekey='6Lfi9R4nAAAAAEBlxGPsnXaBUEx-E3od1tAXi_lJ'  data-theme='light' data-tabindex='-1' data-size='invisible' data-badge='bottomright'><\/div><\/li><li id=\"field_39_20\"  class=\"gfield gform_validation_container field_sublabel_below field_description_below gfield_visibility_visible\"  data-js-reload=\"field_39_20\"><label class='gfield_label' for='input_39_20' >Email<\/label><div class='ginput_container'><input name='input_20' id='input_39_20' type='text' value='' \/><\/div><div class='gfield_description' id='gfield_description_39_20'>Este campo es un campo de validaci\u00f3n y debe quedar sin cambios.<\/div><\/li><\/ul><\/div>\n        <div class='gform_footer top_label'> <input type='submit' id='gform_submit_button_39' class='gform_button button' value='Enviar solicitud de informaci\u00f3n PRODUCTOS PARA TARJETAS ELECTR\u00d3NICAS'  onclick='if(window[\"gf_submitting_39\"]){return false;}  window[\"gf_submitting_39\"]=true;  ' onkeypress='if( event.keyCode == 13 ){ if(window[\"gf_submitting_39\"]){return false;} window[\"gf_submitting_39\"]=true;  jQuery(\"#gform_39\").trigger(\"submit\",[true]); }' \/> \n            <input type='hidden' class='gform_hidden' name='is_submit_39' value='1' \/>\n            <input type='hidden' class='gform_hidden' name='gform_submit' value='39' \/>\n            \n            <input type='hidden' class='gform_hidden' name='gform_unique_id' value='' \/>\n            <input type='hidden' class='gform_hidden' name='state_39' value='WyJbXSIsImYwOWUzMjU2ZTFmYmQ3MTBkOGIxYmE5NjIzZDM5ZDIxIl0=' \/>\n            <input type='hidden' class='gform_hidden' name='gform_target_page_number_39' id='gform_target_page_number_39' value='0' \/>\n            <input type='hidden' class='gform_hidden' name='gform_source_page_number_39' id='gform_source_page_number_39' value='1' \/>\n            <input type='hidden' name='gform_field_values' value='' \/>\n            \n        <\/div>\n                        <\/form>\n                        <\/div>[\/vc_column][\/vc_row][vc_row css=&#8221;.vc_custom_1679906847640{background-image: url(https:\/\/violimacchine.it\/wp-content\/uploads\/2023\/03\/footer-1.jpg?id=10802) !important;background-position: center !important;background-repeat: no-repeat !important;background-size: cover !important;}&#8221;][vc_column]\n\t<div class=\"bauer-spacer clearfix\" data-desktop=\"100\" data-mobi=\"60\" data-smobi=\"60\"><\/div>[vc_row_inner column_inner_spacing=&#8221;100&#8243;][vc_column_inner width=&#8221;1\/2&#8243;]<div class=\"bauer-content-box clearfix \" data-padding=\"53px 35px 60px 35px\" data-mobipadding=\"50px 35px 50px 35px\" data-margin=\"\" data-mobimargin=\"\" >\n\t\t<div class=\"inner ctb-11122044\" style=\"\"  data-background=\"rgba(3,15,39,0.6)\" data-rounded=\"5px\" data-border-width=\"1px\">\n\t\t\t<h2 class=\"bauer-text clearfix \" style=\"font-size:42px;color:#f2f2f2;margin-bottom:8px;\"><p><strong><span class=\"font-weight-300\">Violi Macchine S.r.l.<\/span><\/strong><\/p>\n<\/h2>\n\t<div class=\"bauer-spacer clearfix\" data-desktop=\"30\" data-mobi=\"40\" data-smobi=\"40\"><\/div><div class=\"bauer-text clearfix \" style=\"color:#f2f2f2;\"><p><span><strong>Direcci\u00f3n: <\/strong>Via XXV Aprile 86<\/span><br \/>\n<span><strong> Ubicaci\u00f3n:\u00a0<\/strong>Monte San Savino (Arezzo) &#8211; Italy <\/span><br \/>\n<span><strong>Tel\u00e9fono: <\/strong>+39 0575 810487<\/span><br \/>\n<span><strong>Cod. Fisc. e P.IVA:<\/strong> IT02200090518 <\/span><br \/>\n<span class=\"text-accent-color font-weight-600\"><\/span><\/p>\n<\/div>\n\t<div class=\"bauer-spacer clearfix\" data-desktop=\"30\" data-mobi=\"40\" data-smobi=\"40\"><\/div><div class=\"bauer-text clearfix \" style=\"color:#f2f2f2;margin-bottom:25px;\"><p>Protagonista en el sector de la orfebrer\u00eda, la industria y la recuperaci\u00f3n de metales preciosos desde hace m\u00e1s de 30 a\u00f1os, Violi Macchine a lo largo del tiempo obtiene la confianza de m\u00faltiples realidades productivas. Hoy la empresa, continuando a promover el Made In Italy, es partner de industrias nacionales e internacionales.<\/p>\n<\/div>\n\t\t<\/div>\n\t<\/div>[\/vc_column_inner][vc_column_inner width=&#8221;1\/2&#8243;]<div class=\"bauer-content-box clearfix \" data-padding=\"47px 50px 94px 50px\" data-mobipadding=\"40px\" data-margin=\"\" data-mobimargin=\"\" >\n\t\t<div class=\"inner ctb-1202606678\" style=\"\"  data-background=\"rgba(3,15,39,0.6)\" data-rounded=\"5px\" data-border-color=\"rgba(231,231,231,0.3)\" data-border-width=\"1px\">\n\t\t\t<h2 class=\"bauer-text clearfix \" style=\"font-size:42px;color:#f2f2f2;margin-bottom:8px;\"><p><span class=\"font-weight-300\">Contactos<\/span><\/p>\n<\/h2>\n\t<div class=\"bauer-spacer clearfix\" data-desktop=\"30\" data-mobi=\"40\" data-smobi=\"40\"><\/div><div class=\"bauer-text clearfix \" style=\"color:#f2f2f2;margin-bottom:25px;\"><p>Conf\u00ede en Violi Macchine. La capacidad de innovar sin perder de vista las tecnolog\u00edas tradicionales, caracterizan el tuyo y el nuestro \u00e9xito.<\/p>\n<\/div><div class=\"bauer-grid-box clearfix grid2 border-light v-20 h-25 no-borders\" data-grid=\"2\" >\n\t\t<div class=\"bauer-text clearfix \" style=\"color:#f2f2f2;\"><p><span class=\"font-weight-500 text-white\">Violi Macchine S.r.l.<\/span><br \/>\n<span style=\"color: #8a99c0;\">Via XXV Aprile, 86<br \/>\nMonte San Savino (AR) ITALY<\/span><br \/>\n<span class=\"fas fa-map-marker-alt text-accent-color\" style=\"padding-right: 3px;\"><\/span> <span class=\"text-accent-color font-weight-600\"><a href=\"https:\/\/www.google.com\/maps\/place\/Via+XXV+Aprile,+86,+52048+Monte+San+Savino+AR\/data=!4m2!3m1!1s0x132be7da0800360f:0xca8c4b2fbdb5fd9b?sa=X&amp;ved=2ahUKEwj4yum8sZn6AhXSC-wKHZPsCNcQ8gF6BAggEAE\" class=\"hover-white\" target=\"_blank\" rel=\"noopener\">Encuentranos en el mapa<\/a><\/span><\/p>\n<\/div><div class=\"bauer-text clearfix \" style=\"color:#f2f2f2;\"><p><span class=\"font-weight-500 text-white\">Nuestra e-mail<\/span><br \/>\n<span class=\"fas fa-envelope text-accent-color\" style=\"padding-right: 5px;\"><\/span> <span class=\"font-weight-600 text-accent-color\">sales@violimacchine.it<\/span><\/p>\n<\/div><div class=\"bauer-text clearfix \" style=\"color:#f2f2f2;\"><p><span class=\"font-weight-500 text-white\">Informaci\u00f3n<\/span><br \/>\n<span class=\"fas fa-phone\" style=\"padding-right: 5px; color: #8a99c0;\"><\/span> <span class=\"font-weight-600\" style=\"color: #8a99c0;\">+39 0575 810487<\/span><\/p>\n<\/div><div class=\"bauer-text clearfix \" style=\"color:#f2f2f2;\"><p><span class=\"font-weight-500 text-white\">Fax<\/span><br \/>\n<span class=\"fas fa-phone\" style=\"padding-right: 3px; color: #8a99c0;\"><\/span> <span class=\"font-weight-600\" style=\"color: #8a99c0;\">+39 0575 815903<\/span><\/p>\n<\/div>\n\n\t<\/div>\n\t\t<\/div>\n\t<\/div>\n\t<div class=\"bauer-spacer clearfix\" data-desktop=\"0\" data-mobi=\"40\" data-smobi=\"40\"><\/div>[\/vc_column_inner][\/vc_row_inner]\n\t<div class=\"bauer-spacer clearfix\" data-desktop=\"100\" data-mobi=\"60\" data-smobi=\"60\"><\/div>[\/vc_column][\/vc_row]<\/p>\n<\/div>","protected":false},"excerpt":{"rendered":"<p>[vc_row][vc_column][\/vc_column][\/vc_row][vc_row][vc_column][vc_custom_heading text=&#8221;Separadora de componentes de tarjetas electr\u00f3nicas&#8221; google_fonts=&#8221;font_family:Titillium%20Web%3A200%2C200italic%2C300%2C300italic%2Cregular%2Citalic%2C600%2C600italic%2C700%2C700italic%2C900|font_style:400%20regular%3A400%3Anormal&#8221;][\/vc_column][\/vc_row][vc_row][vc_column][vc_row_inner][vc_column_inner width=&#8221;2\/3&#8243;][vc_column_text] La recuperaci\u00f3n de los metales nobles derivados de residuos es un tema fundamental para el ciclo productivo de m\u00faltiples empresas. El separador de componentes de la serie VM STCR es una m\u00e1quina patentada que permite separar los componentes de las tarjetas<\/p>\n","protected":false},"author":1,"featured_media":0,"parent":0,"menu_order":0,"comment_status":"closed","ping_status":"closed","template":"","meta":{"footnotes":""},"class_list":["post-13802","page","type-page","status-publish","hentry"],"_links":{"self":[{"href":"https:\/\/violimacchine.it\/es\/wp-json\/wp\/v2\/pages\/13802","targetHints":{"allow":["GET"]}}],"collection":[{"href":"https:\/\/violimacchine.it\/es\/wp-json\/wp\/v2\/pages"}],"about":[{"href":"https:\/\/violimacchine.it\/es\/wp-json\/wp\/v2\/types\/page"}],"author":[{"embeddable":true,"href":"https:\/\/violimacchine.it\/es\/wp-json\/wp\/v2\/users\/1"}],"replies":[{"embeddable":true,"href":"https:\/\/violimacchine.it\/es\/wp-json\/wp\/v2\/comments?post=13802"}],"version-history":[{"count":8,"href":"https:\/\/violimacchine.it\/es\/wp-json\/wp\/v2\/pages\/13802\/revisions"}],"predecessor-version":[{"id":15091,"href":"https:\/\/violimacchine.it\/es\/wp-json\/wp\/v2\/pages\/13802\/revisions\/15091"}],"wp:attachment":[{"href":"https:\/\/violimacchine.it\/es\/wp-json\/wp\/v2\/media?parent=13802"}],"curies":[{"name":"wp","href":"https:\/\/api.w.org\/{rel}","templated":true}]}}